{"id":163,"date":"2021-05-01T16:43:16","date_gmt":"2021-05-01T15:43:16","guid":{"rendered":"https:\/\/pappkoepp.de\/STRATO-apps\/wordpress_02\/app\/?page_id=163"},"modified":"2025-11-27T15:14:57","modified_gmt":"2025-11-27T14:14:57","slug":"inszenierungen","status":"publish","type":"page","link":"https:\/\/pappkoepp.de\/?page_id=163","title":{"rendered":"Inszenierungen"},"content":{"rendered":"\t\t<div data-elementor-type=\"wp-page\" data-elementor-id=\"163\" class=\"elementor elementor-163\" data-elementor-post-type=\"page\">\n\t\t\t\t\t\t<section class=\"elementor-section elementor-top-section elementor-element elementor-element-3f70fb74 elementor-section-boxed elementor-section-height-default elementor-section-height-default\" data-id=\"3f70fb74\" data-element_type=\"section\" data-e-type=\"section\">\n\t\t\t\t\t\t<div class=\"elementor-container elementor-column-gap-no\">\n\t\t\t\t\t<div class=\"elementor-column elementor-col-25 elementor-top-column elementor-element elementor-element-214f82ed\" data-id=\"214f82ed\" data-element_type=\"column\" data-e-type=\"column\" data-settings=\"{&quot;background_background&quot;:&quot;classic&quot;}\">\n\t\t\t<div class=\"elementor-widget-wrap\">\n\t\t\t\t\t\t\t<\/div>\n\t\t<\/div>\n\t\t\t\t<div class=\"elementor-column elementor-col-25 elementor-top-column elementor-element elementor-element-5f3ae5b8\" data-id=\"5f3ae5b8\" data-element_type=\"column\" data-e-type=\"column\" data-settings=\"{&quot;background_background&quot;:&quot;classic&quot;}\">\n\t\t\t<div class=\"elementor-widget-wrap elementor-element-populated\">\n\t\t\t\t\t\t<div class=\"elementor-element elementor-element-3292bbb9 elementor-widget elementor-widget-spacer\" data-id=\"3292bbb9\" data-element_type=\"widget\" data-e-type=\"widget\" data-widget_type=\"spacer.default\">\n\t\t\t\t<div class=\"elementor-widget-container\">\n\t\t\t\t\t\t\t<div class=\"elementor-spacer\">\n\t\t\t<div class=\"elementor-spacer-inner\"><\/div>\n\t\t<\/div>\n\t\t\t\t\t\t<\/div>\n\t\t\t\t<\/div>\n\t\t\t\t<div class=\"elementor-element elementor-element-58fb58ad elementor-widget elementor-widget-heading\" data-id=\"58fb58ad\" data-element_type=\"widget\" data-e-type=\"widget\" data-widget_type=\"heading.default\">\n\t\t\t\t<div class=\"elementor-widget-container\">\n\t\t\t\t\t<h2 class=\"elementor-heading-title elementor-size-default\">Inszenierungen<\/h2>\t\t\t\t<\/div>\n\t\t\t\t<\/div>\n\t\t\t\t<div class=\"elementor-element elementor-element-78a2c1e3 elementor-widget elementor-widget-text-editor\" data-id=\"78a2c1e3\" data-element_type=\"widget\" data-e-type=\"widget\" data-widget_type=\"text-editor.default\">\n\t\t\t\t<div class=\"elementor-widget-container\">\n\t\t\t\t\t\t\t\t\t<p>Seitdem die Pappk\u00f6pp ihr eigenes Theater haben, geht die j\u00e4hrliche Spielzeit von November bis M\u00e4rz. <br \/>In jeder Spielsaison wird in ca. 25 Vorstellungen ein neues Programm auf die B\u00fchne gebracht.<\/p>\t\t\t\t\t\t\t\t<\/div>\n\t\t\t\t<\/div>\n\t\t\t\t\t<\/div>\n\t\t<\/div>\n\t\t\t\t<div class=\"elementor-column elementor-col-25 elementor-top-column elementor-element elementor-element-12218853\" data-id=\"12218853\" data-element_type=\"column\" data-e-type=\"column\" data-settings=\"{&quot;background_background&quot;:&quot;classic&quot;}\">\n\t\t\t<div class=\"elementor-widget-wrap\">\n\t\t\t\t\t\t\t<\/div>\n\t\t<\/div>\n\t\t\t\t<div class=\"elementor-column elementor-col-25 elementor-top-column elementor-element elementor-element-39ef979c\" data-id=\"39ef979c\" data-element_type=\"column\" data-e-type=\"column\" data-settings=\"{&quot;background_background&quot;:&quot;classic&quot;}\">\n\t\t\t<div class=\"elementor-widget-wrap\">\n\t\t\t\t\t\t\t<\/div>\n\t\t<\/div>\n\t\t\t\t\t<\/div>\n\t\t<\/section>\n\t\t\t\t<section class=\"elementor-section elementor-top-section elementor-element elementor-element-4273fc62 elementor-section-boxed elementor-section-height-default elementor-section-height-default\" data-id=\"4273fc62\" data-element_type=\"section\" data-e-type=\"section\">\n\t\t\t\t\t\t<div class=\"elementor-container elementor-column-gap-default\">\n\t\t\t\t\t<div class=\"elementor-column elementor-col-25 elementor-top-column elementor-element elementor-element-311330a7\" data-id=\"311330a7\" data-element_type=\"column\" data-e-type=\"column\" data-settings=\"{&quot;background_background&quot;:&quot;classic&quot;}\">\n\t\t\t<div class=\"elementor-widget-wrap elementor-element-populated\">\n\t\t\t\t\t\t<div class=\"elementor-element elementor-element-69df3e5c elementor-widget elementor-widget-spacer\" data-id=\"69df3e5c\" data-element_type=\"widget\" data-e-type=\"widget\" data-widget_type=\"spacer.default\">\n\t\t\t\t<div class=\"elementor-widget-container\">\n\t\t\t\t\t\t\t<div class=\"elementor-spacer\">\n\t\t\t<div class=\"elementor-spacer-inner\"><\/div>\n\t\t<\/div>\n\t\t\t\t\t\t<\/div>\n\t\t\t\t<\/div>\n\t\t\t\t\t<\/div>\n\t\t<\/div>\n\t\t\t\t<div class=\"elementor-column elementor-col-25 elementor-top-column elementor-element elementor-element-1cddb2e\" data-id=\"1cddb2e\" data-element_type=\"column\" data-e-type=\"column\" data-settings=\"{&quot;background_background&quot;:&quot;classic&quot;}\">\n\t\t\t<div class=\"elementor-widget-wrap elementor-element-populated\">\n\t\t\t\t\t\t<div class=\"elementor-element elementor-element-4650a0b6 elementor-widget elementor-widget-text-editor\" data-id=\"4650a0b6\" data-element_type=\"widget\" data-e-type=\"widget\" data-widget_type=\"text-editor.default\">\n\t\t\t\t<div class=\"elementor-widget-container\">\n\t\t\t\t\t\t\t\t\t<p>2025\/2026: Hieemel und E\u00e4rd<\/p><p>2024\/2025: J\u00f6vvt et dat?<\/p><p>2023\/2024: Hennefreese (G\u00e4nsehaut)<\/p><p><a href=\"https:\/\/pappkoepp.de\/?page_id=2589\"><strong>2022\/2023: 650 Jooehr \u2013 \u00f6m wie nix<\/strong><\/a><\/p><p><a href=\"https:\/\/pappkoepp.de\/?page_id=2411\"><strong>2021\/2022: Och dat noch<\/strong><\/a><\/p><p><strong><a href=\"https:\/\/pappkoepp.de\/?page_id=2311\">2021: Van b\u00f6nne nooe buute (Open Air)<\/a><\/strong><\/p><p><strong><a href=\"https:\/\/pappkoepp.de\/?page_id=1743\">2019\/2020: Pappk\u00f6pp op J\u00f6ck<\/a><\/strong><\/p><p>2018\/2019: Ve\u00e4rzig Jooehr Extra Zooert<\/p><p>2017\/2018: \u00d6m Joddes Welle<\/p><p>2016\/2017: Mal so jesacht<\/p><p>2015\/2016: No vert\u00e4ll mech kin Oper!<\/p><p>2014\/2015: Dooe b\u00f6sse platt,wat?<\/p><p>2013\/2014: Daarestiet TV<\/p><p>2012\/2013: Komm, jank!<\/p><p>2011\/2012: S\u00e4gg, h\u00fcer ens<\/p><p>2010\/2011: Opa w\u00f6rd hongert<\/p><p>2009\/2010: Die Krieewelungen<\/p><p>2008\/2009: D\u00f6rtig Jooehr Freud an Fe\u00e4m<\/p><p>2007\/2008: On wenn die Aal op Schluffe k\u00f6mmt &#8230;<\/p><p>2006\/2007: Schwaad dech mar m\u00fcsch!<\/p><p>2005\/2006: W\u00e4rm draan!2005: Tat\u00e4! Tat\u00e4! Tat\u00e4!<\/p><p>Fr\u00fchjahrsprogramm 2005: Im Westen wat Neues<\/p><p>Er\u00f6ffnungsprogramm 2004: N\u00e4, wat en Theater!<\/p><p>In den ersten beiden Spielzeiten waren es jeweils mehrere Inszenierungen.<\/p>\t\t\t\t\t\t\t\t<\/div>\n\t\t\t\t<\/div>\n\t\t\t\t\t<\/div>\n\t\t<\/div>\n\t\t\t\t<div class=\"elementor-column elementor-col-25 elementor-top-column elementor-element elementor-element-2e526d7b\" data-id=\"2e526d7b\" data-element_type=\"column\" data-e-type=\"column\" data-settings=\"{&quot;background_background&quot;:&quot;classic&quot;}\">\n\t\t\t<div class=\"elementor-widget-wrap elementor-element-populated\">\n\t\t\t\t\t\t<div class=\"elementor-element elementor-element-21d33499 elementor-widget elementor-widget-image\" data-id=\"21d33499\" data-element_type=\"widget\" data-e-type=\"widget\" data-widget_type=\"image.default\">\n\t\t\t\t<div class=\"elementor-widget-container\">\n\t\t\t\t\t\t\t\t\t\t\t\t\t\t\t<img fetchpriority=\"high\" decoding=\"async\" width=\"488\" height=\"286\" src=\"https:\/\/pappkoepp.de\/wp-content\/uploads\/2022\/07\/oemjetrocke.png\" class=\"attachment-large size-large wp-image-1765\" alt=\"\" srcset=\"https:\/\/pappkoepp.de\/wp-content\/uploads\/2022\/07\/oemjetrocke.png 488w, https:\/\/pappkoepp.de\/wp-content\/uploads\/2022\/07\/oemjetrocke-300x176.png 300w\" sizes=\"(max-width: 488px) 100vw, 488px\" \/>\t\t\t\t\t\t\t\t\t\t\t\t\t\t\t<\/div>\n\t\t\t\t<\/div>\n\t\t\t\t\t<\/div>\n\t\t<\/div>\n\t\t\t\t<div class=\"elementor-column elementor-col-25 elementor-top-column elementor-element elementor-element-b26b9dd\" data-id=\"b26b9dd\" data-element_type=\"column\" data-e-type=\"column\" data-settings=\"{&quot;background_background&quot;:&quot;classic&quot;}\">\n\t\t\t<div class=\"elementor-widget-wrap elementor-element-populated\">\n\t\t\t\t\t\t<div class=\"elementor-element elementor-element-265abb9 elementor-widget elementor-widget-spacer\" data-id=\"265abb9\" data-element_type=\"widget\" data-e-type=\"widget\" data-widget_type=\"spacer.default\">\n\t\t\t\t<div class=\"elementor-widget-container\">\n\t\t\t\t\t\t\t<div class=\"elementor-spacer\">\n\t\t\t<div class=\"elementor-spacer-inner\"><\/div>\n\t\t<\/div>\n\t\t\t\t\t\t<\/div>\n\t\t\t\t<\/div>\n\t\t\t\t\t<\/div>\n\t\t<\/div>\n\t\t\t\t\t<\/div>\n\t\t<\/section>\n\t\t\t\t<\/div>\n\t\t","protected":false},"excerpt":{"rendered":"<p>Inszenierungen Seitdem die Pappk\u00f6pp ihr eigenes Theater haben, geht die j\u00e4hrliche Spielzeit von November bis M\u00e4rz. In jeder Spielsaison wird in ca. 25 Vorstellungen ein neues Programm auf die B\u00fchne gebracht. 2025\/2026: Hieemel und E\u00e4rd 2024\/2025: J\u00f6vvt et dat? 2023\/2024: Hennefreese (G\u00e4nsehaut) 2022\/2023: 650 Jooehr \u2013 \u00f6m wie nix 2021\/2022: Och dat noch 2021: Van [&hellip;]<\/p>\n","protected":false},"author":4,"featured_media":0,"parent":147,"menu_order":2,"comment_status":"closed","ping_status":"closed","template":"","meta":{"footnotes":""},"class_list":["post-163","page","type-page","status-publish","hentry"],"yoast_head":"<!-- This site is optimized with the Yoast SEO plugin v27.4 - https:\/\/yoast.com\/product\/yoast-seo-wordpress\/ -->\n<title>Inszenierungen - Krieewelsche Pappkoepp<\/title>\n<meta name=\"robots\" content=\"index, follow, max-snippet:-1, max-image-preview:large, max-video-preview:-1\" \/>\n<link rel=\"canonical\" href=\"https:\/\/pappkoepp.de\/?page_id=163\" \/>\n<meta property=\"og:locale\" content=\"de_DE\" \/>\n<meta property=\"og:type\" content=\"article\" \/>\n<meta property=\"og:title\" content=\"Inszenierungen - Krieewelsche Pappkoepp\" \/>\n<meta property=\"og:description\" content=\"Inszenierungen Seitdem die Pappk\u00f6pp ihr eigenes Theater haben, geht die j\u00e4hrliche Spielzeit von November bis M\u00e4rz. In jeder Spielsaison wird in ca. 25 Vorstellungen ein neues Programm auf die B\u00fchne gebracht. 2025\/2026: Hieemel und E\u00e4rd 2024\/2025: J\u00f6vvt et dat? 2023\/2024: Hennefreese (G\u00e4nsehaut) 2022\/2023: 650 Jooehr \u2013 \u00f6m wie nix 2021\/2022: Och dat noch 2021: Van [&hellip;]\" \/>\n<meta property=\"og:url\" content=\"https:\/\/pappkoepp.de\/?page_id=163\" \/>\n<meta property=\"og:site_name\" content=\"Krieewelsche Pappkoepp\" \/>\n<meta property=\"article:publisher\" content=\"https:\/\/www.facebook.com\/pappkoepp\" \/>\n<meta property=\"article:modified_time\" content=\"2025-11-27T14:14:57+00:00\" \/>\n<meta property=\"og:image\" content=\"https:\/\/pappkoepp.de\/wp-content\/uploads\/2022\/07\/oemjetrocke.png\" \/>\n\t<meta property=\"og:image:width\" content=\"488\" \/>\n\t<meta property=\"og:image:height\" content=\"286\" \/>\n\t<meta property=\"og:image:type\" content=\"image\/png\" \/>\n<meta name=\"twitter:card\" content=\"summary_large_image\" \/>\n<meta name=\"twitter:label1\" content=\"Gesch\u00e4tzte Lesezeit\" \/>\n\t<meta name=\"twitter:data1\" content=\"2\u00a0Minuten\" \/>\n<script type=\"application\/ld+json\" class=\"yoast-schema-graph\">{\"@context\":\"https:\\\/\\\/schema.org\",\"@graph\":[{\"@type\":\"WebPage\",\"@id\":\"https:\\\/\\\/pappkoepp.de\\\/?page_id=163\",\"url\":\"https:\\\/\\\/pappkoepp.de\\\/?page_id=163\",\"name\":\"Inszenierungen - Krieewelsche Pappkoepp\",\"isPartOf\":{\"@id\":\"https:\\\/\\\/pappkoepp.de\\\/#website\"},\"primaryImageOfPage\":{\"@id\":\"https:\\\/\\\/pappkoepp.de\\\/?page_id=163#primaryimage\"},\"image\":{\"@id\":\"https:\\\/\\\/pappkoepp.de\\\/?page_id=163#primaryimage\"},\"thumbnailUrl\":\"https:\\\/\\\/pappkoepp.de\\\/wp-content\\\/uploads\\\/2022\\\/07\\\/oemjetrocke.png\",\"datePublished\":\"2021-05-01T15:43:16+00:00\",\"dateModified\":\"2025-11-27T14:14:57+00:00\",\"breadcrumb\":{\"@id\":\"https:\\\/\\\/pappkoepp.de\\\/?page_id=163#breadcrumb\"},\"inLanguage\":\"de\",\"potentialAction\":[{\"@type\":\"ReadAction\",\"target\":[\"https:\\\/\\\/pappkoepp.de\\\/?page_id=163\"]}]},{\"@type\":\"ImageObject\",\"inLanguage\":\"de\",\"@id\":\"https:\\\/\\\/pappkoepp.de\\\/?page_id=163#primaryimage\",\"url\":\"https:\\\/\\\/pappkoepp.de\\\/wp-content\\\/uploads\\\/2022\\\/07\\\/oemjetrocke.png\",\"contentUrl\":\"https:\\\/\\\/pappkoepp.de\\\/wp-content\\\/uploads\\\/2022\\\/07\\\/oemjetrocke.png\",\"width\":488,\"height\":286},{\"@type\":\"BreadcrumbList\",\"@id\":\"https:\\\/\\\/pappkoepp.de\\\/?page_id=163#breadcrumb\",\"itemListElement\":[{\"@type\":\"ListItem\",\"position\":1,\"name\":\"Startseite\",\"item\":\"https:\\\/\\\/pappkoepp.de\\\/\"},{\"@type\":\"ListItem\",\"position\":2,\"name\":\"Theaterwelt\",\"item\":\"https:\\\/\\\/pappkoepp.de\\\/?page_id=147\"},{\"@type\":\"ListItem\",\"position\":3,\"name\":\"Inszenierungen\"}]},{\"@type\":\"WebSite\",\"@id\":\"https:\\\/\\\/pappkoepp.de\\\/#website\",\"url\":\"https:\\\/\\\/pappkoepp.de\\\/\",\"name\":\"Krieewelsche Pappkoepp\",\"description\":\"Kleinkunst in Krefelder Mundart\",\"publisher\":{\"@id\":\"https:\\\/\\\/pappkoepp.de\\\/#organization\"},\"potentialAction\":[{\"@type\":\"SearchAction\",\"target\":{\"@type\":\"EntryPoint\",\"urlTemplate\":\"https:\\\/\\\/pappkoepp.de\\\/?s={search_term_string}\"},\"query-input\":{\"@type\":\"PropertyValueSpecification\",\"valueRequired\":true,\"valueName\":\"search_term_string\"}}],\"inLanguage\":\"de\"},{\"@type\":\"Organization\",\"@id\":\"https:\\\/\\\/pappkoepp.de\\\/#organization\",\"name\":\"Krieewelsche Pappk\u00f6pp e.V.\",\"url\":\"https:\\\/\\\/pappkoepp.de\\\/\",\"logo\":{\"@type\":\"ImageObject\",\"inLanguage\":\"de\",\"@id\":\"https:\\\/\\\/pappkoepp.de\\\/#\\\/schema\\\/logo\\\/image\\\/\",\"url\":\"https:\\\/\\\/pappkoepp.de\\\/wp-content\\\/uploads\\\/2021\\\/05\\\/PK_Logo.jpg\",\"contentUrl\":\"https:\\\/\\\/pappkoepp.de\\\/wp-content\\\/uploads\\\/2021\\\/05\\\/PK_Logo.jpg\",\"width\":796,\"height\":524,\"caption\":\"Krieewelsche Pappk\u00f6pp e.V.\"},\"image\":{\"@id\":\"https:\\\/\\\/pappkoepp.de\\\/#\\\/schema\\\/logo\\\/image\\\/\"},\"sameAs\":[\"https:\\\/\\\/www.facebook.com\\\/pappkoepp\",\"https:\\\/\\\/de.wikipedia.org\\\/wiki\\\/Krieewelsche_pappk\u00f6pp\"]}]}<\/script>\n<!-- \/ Yoast SEO plugin. -->","yoast_head_json":{"title":"Inszenierungen - Krieewelsche Pappkoepp","robots":{"index":"index","follow":"follow","max-snippet":"max-snippet:-1","max-image-preview":"max-image-preview:large","max-video-preview":"max-video-preview:-1"},"canonical":"https:\/\/pappkoepp.de\/?page_id=163","og_locale":"de_DE","og_type":"article","og_title":"Inszenierungen - Krieewelsche Pappkoepp","og_description":"Inszenierungen Seitdem die Pappk\u00f6pp ihr eigenes Theater haben, geht die j\u00e4hrliche Spielzeit von November bis M\u00e4rz. In jeder Spielsaison wird in ca. 25 Vorstellungen ein neues Programm auf die B\u00fchne gebracht. 2025\/2026: Hieemel und E\u00e4rd 2024\/2025: J\u00f6vvt et dat? 2023\/2024: Hennefreese (G\u00e4nsehaut) 2022\/2023: 650 Jooehr \u2013 \u00f6m wie nix 2021\/2022: Och dat noch 2021: Van [&hellip;]","og_url":"https:\/\/pappkoepp.de\/?page_id=163","og_site_name":"Krieewelsche Pappkoepp","article_publisher":"https:\/\/www.facebook.com\/pappkoepp","article_modified_time":"2025-11-27T14:14:57+00:00","og_image":[{"width":488,"height":286,"url":"https:\/\/pappkoepp.de\/wp-content\/uploads\/2022\/07\/oemjetrocke.png","type":"image\/png"}],"twitter_card":"summary_large_image","twitter_misc":{"Gesch\u00e4tzte Lesezeit":"2\u00a0Minuten"},"schema":{"@context":"https:\/\/schema.org","@graph":[{"@type":"WebPage","@id":"https:\/\/pappkoepp.de\/?page_id=163","url":"https:\/\/pappkoepp.de\/?page_id=163","name":"Inszenierungen - Krieewelsche Pappkoepp","isPartOf":{"@id":"https:\/\/pappkoepp.de\/#website"},"primaryImageOfPage":{"@id":"https:\/\/pappkoepp.de\/?page_id=163#primaryimage"},"image":{"@id":"https:\/\/pappkoepp.de\/?page_id=163#primaryimage"},"thumbnailUrl":"https:\/\/pappkoepp.de\/wp-content\/uploads\/2022\/07\/oemjetrocke.png","datePublished":"2021-05-01T15:43:16+00:00","dateModified":"2025-11-27T14:14:57+00:00","breadcrumb":{"@id":"https:\/\/pappkoepp.de\/?page_id=163#breadcrumb"},"inLanguage":"de","potentialAction":[{"@type":"ReadAction","target":["https:\/\/pappkoepp.de\/?page_id=163"]}]},{"@type":"ImageObject","inLanguage":"de","@id":"https:\/\/pappkoepp.de\/?page_id=163#primaryimage","url":"https:\/\/pappkoepp.de\/wp-content\/uploads\/2022\/07\/oemjetrocke.png","contentUrl":"https:\/\/pappkoepp.de\/wp-content\/uploads\/2022\/07\/oemjetrocke.png","width":488,"height":286},{"@type":"BreadcrumbList","@id":"https:\/\/pappkoepp.de\/?page_id=163#breadcrumb","itemListElement":[{"@type":"ListItem","position":1,"name":"Startseite","item":"https:\/\/pappkoepp.de\/"},{"@type":"ListItem","position":2,"name":"Theaterwelt","item":"https:\/\/pappkoepp.de\/?page_id=147"},{"@type":"ListItem","position":3,"name":"Inszenierungen"}]},{"@type":"WebSite","@id":"https:\/\/pappkoepp.de\/#website","url":"https:\/\/pappkoepp.de\/","name":"Krieewelsche Pappkoepp","description":"Kleinkunst in Krefelder Mundart","publisher":{"@id":"https:\/\/pappkoepp.de\/#organization"},"potentialAction":[{"@type":"SearchAction","target":{"@type":"EntryPoint","urlTemplate":"https:\/\/pappkoepp.de\/?s={search_term_string}"},"query-input":{"@type":"PropertyValueSpecification","valueRequired":true,"valueName":"search_term_string"}}],"inLanguage":"de"},{"@type":"Organization","@id":"https:\/\/pappkoepp.de\/#organization","name":"Krieewelsche Pappk\u00f6pp e.V.","url":"https:\/\/pappkoepp.de\/","logo":{"@type":"ImageObject","inLanguage":"de","@id":"https:\/\/pappkoepp.de\/#\/schema\/logo\/image\/","url":"https:\/\/pappkoepp.de\/wp-content\/uploads\/2021\/05\/PK_Logo.jpg","contentUrl":"https:\/\/pappkoepp.de\/wp-content\/uploads\/2021\/05\/PK_Logo.jpg","width":796,"height":524,"caption":"Krieewelsche Pappk\u00f6pp e.V."},"image":{"@id":"https:\/\/pappkoepp.de\/#\/schema\/logo\/image\/"},"sameAs":["https:\/\/www.facebook.com\/pappkoepp","https:\/\/de.wikipedia.org\/wiki\/Krieewelsche_pappk\u00f6pp"]}]}},"_links":{"self":[{"href":"https:\/\/pappkoepp.de\/index.php?rest_route=\/wp\/v2\/pages\/163","targetHints":{"allow":["GET"]}}],"collection":[{"href":"https:\/\/pappkoepp.de\/index.php?rest_route=\/wp\/v2\/pages"}],"about":[{"href":"https:\/\/pappkoepp.de\/index.php?rest_route=\/wp\/v2\/types\/page"}],"author":[{"embeddable":true,"href":"https:\/\/pappkoepp.de\/index.php?rest_route=\/wp\/v2\/users\/4"}],"replies":[{"embeddable":true,"href":"https:\/\/pappkoepp.de\/index.php?rest_route=%2Fwp%2Fv2%2Fcomments&post=163"}],"version-history":[{"count":94,"href":"https:\/\/pappkoepp.de\/index.php?rest_route=\/wp\/v2\/pages\/163\/revisions"}],"predecessor-version":[{"id":2615,"href":"https:\/\/pappkoepp.de\/index.php?rest_route=\/wp\/v2\/pages\/163\/revisions\/2615"}],"up":[{"embeddable":true,"href":"https:\/\/pappkoepp.de\/index.php?rest_route=\/wp\/v2\/pages\/147"}],"wp:attachment":[{"href":"https:\/\/pappkoepp.de\/index.php?rest_route=%2Fwp%2Fv2%2Fmedia&parent=163"}],"curies":[{"name":"wp","href":"https:\/\/api.w.org\/{rel}","templated":true}]}}