{"id":2068,"date":"2023-04-18T12:21:10","date_gmt":"2023-04-18T11:21:10","guid":{"rendered":"https:\/\/pappkoepp.de\/?page_id=2068"},"modified":"2023-04-20T13:14:39","modified_gmt":"2023-04-20T12:14:39","slug":"spenden","status":"publish","type":"page","link":"https:\/\/pappkoepp.de\/?page_id=2068","title":{"rendered":"Spenden"},"content":{"rendered":"\t\t<div data-elementor-type=\"wp-page\" data-elementor-id=\"2068\" class=\"elementor elementor-2068\" data-elementor-post-type=\"page\">\n\t\t\t\t\t\t<section class=\"elementor-section elementor-top-section elementor-element elementor-element-29691c3f elementor-section-boxed elementor-section-height-default elementor-section-height-default\" data-id=\"29691c3f\" data-element_type=\"section\" data-e-type=\"section\">\n\t\t\t\t\t\t<div class=\"elementor-container elementor-column-gap-default\">\n\t\t\t\t\t<div class=\"elementor-column elementor-col-25 elementor-top-column elementor-element elementor-element-65afab03\" data-id=\"65afab03\" data-element_type=\"column\" data-e-type=\"column\" data-settings=\"{&quot;background_background&quot;:&quot;classic&quot;}\">\n\t\t\t<div class=\"elementor-widget-wrap elementor-element-populated\">\n\t\t\t\t\t\t<div class=\"elementor-element elementor-element-4e4e0fa9 elementor-widget elementor-widget-spacer\" data-id=\"4e4e0fa9\" data-element_type=\"widget\" data-e-type=\"widget\" data-widget_type=\"spacer.default\">\n\t\t\t\t<div class=\"elementor-widget-container\">\n\t\t\t\t\t\t\t<div class=\"elementor-spacer\">\n\t\t\t<div class=\"elementor-spacer-inner\"><\/div>\n\t\t<\/div>\n\t\t\t\t\t\t<\/div>\n\t\t\t\t<\/div>\n\t\t\t\t\t<\/div>\n\t\t<\/div>\n\t\t\t\t<div class=\"elementor-column elementor-col-25 elementor-top-column elementor-element elementor-element-1b5e679\" data-id=\"1b5e679\" data-element_type=\"column\" data-e-type=\"column\" data-settings=\"{&quot;background_background&quot;:&quot;classic&quot;}\">\n\t\t\t<div class=\"elementor-widget-wrap elementor-element-populated\">\n\t\t\t\t\t\t<div class=\"elementor-element elementor-element-9f3a5f2 elementor-widget elementor-widget-text-editor\" data-id=\"9f3a5f2\" data-element_type=\"widget\" data-e-type=\"widget\" data-widget_type=\"text-editor.default\">\n\t\t\t\t<div class=\"elementor-widget-container\">\n\t\t\t\t\t\t\t\t\t<p>Sie m\u00f6chten unser Theater mit einer Geldspende unterst\u00fctzen?<\/p>\n<p><!-- \/wp:paragraph --><!-- wp:paragraph --><\/p>\n<p>Herzlichen Dank!<\/p>\n<p><!-- \/wp:paragraph --><!-- wp:paragraph --><\/p>\n<p>Unser Spendenkonto:<\/p>\n<p><!-- \/wp:paragraph --><!-- wp:paragraph --><\/p>\n<p>Krieewelsche Pappk\u00f6pp e.V.<br \/>Volksbank Krefeld eG<\/p>\n<p><!-- \/wp:paragraph --><!-- wp:paragraph --><\/p>\n<p>IBAN: DE09 3206 0362 1211 5700 04<\/p>\n<p><!-- \/wp:paragraph --><!-- wp:paragraph --><\/p>\n<p>BIC: GENODED1HTK<\/p>\n<p><!-- \/wp:paragraph --><!-- wp:paragraph --><\/p>\n<p>Selbstverst\u00e4ndlich stellen wir Ihnen gerne nach Erhalt eine Spendenbescheinigung aus. Notieren Sie Ihre Adresse auf dem \u00dcberweisungstr\u00e4ger oder schreiben Sie uns eine entsprechende Mail an info@pappkoepp.de<\/p>\t\t\t\t\t\t\t\t<\/div>\n\t\t\t\t<\/div>\n\t\t\t\t\t<\/div>\n\t\t<\/div>\n\t\t\t\t<div class=\"elementor-column elementor-col-25 elementor-top-column elementor-element elementor-element-620e26eb\" data-id=\"620e26eb\" data-element_type=\"column\" data-e-type=\"column\" data-settings=\"{&quot;background_background&quot;:&quot;classic&quot;}\">\n\t\t\t<div class=\"elementor-widget-wrap elementor-element-populated\">\n\t\t\t\t\t\t<div class=\"elementor-element elementor-element-3bd3ea3b elementor-widget elementor-widget-spacer\" data-id=\"3bd3ea3b\" data-element_type=\"widget\" data-e-type=\"widget\" data-widget_type=\"spacer.default\">\n\t\t\t\t<div class=\"elementor-widget-container\">\n\t\t\t\t\t\t\t<div class=\"elementor-spacer\">\n\t\t\t<div class=\"elementor-spacer-inner\"><\/div>\n\t\t<\/div>\n\t\t\t\t\t\t<\/div>\n\t\t\t\t<\/div>\n\t\t\t\t<div class=\"elementor-element elementor-element-1cbb6518 elementor-widget elementor-widget-spacer\" data-id=\"1cbb6518\" data-element_type=\"widget\" data-e-type=\"widget\" data-widget_type=\"spacer.default\">\n\t\t\t\t<div class=\"elementor-widget-container\">\n\t\t\t\t\t\t\t<div class=\"elementor-spacer\">\n\t\t\t<div class=\"elementor-spacer-inner\"><\/div>\n\t\t<\/div>\n\t\t\t\t\t\t<\/div>\n\t\t\t\t<\/div>\n\t\t\t\t\t<\/div>\n\t\t<\/div>\n\t\t\t\t<div class=\"elementor-column elementor-col-25 elementor-top-column elementor-element elementor-element-5eb06e7f\" data-id=\"5eb06e7f\" data-element_type=\"column\" data-e-type=\"column\" data-settings=\"{&quot;background_background&quot;:&quot;classic&quot;}\">\n\t\t\t<div class=\"elementor-widget-wrap elementor-element-populated\">\n\t\t\t\t\t\t<div class=\"elementor-element elementor-element-64fd35a7 elementor-widget elementor-widget-spacer\" data-id=\"64fd35a7\" data-element_type=\"widget\" data-e-type=\"widget\" data-widget_type=\"spacer.default\">\n\t\t\t\t<div class=\"elementor-widget-container\">\n\t\t\t\t\t\t\t<div class=\"elementor-spacer\">\n\t\t\t<div class=\"elementor-spacer-inner\"><\/div>\n\t\t<\/div>\n\t\t\t\t\t\t<\/div>\n\t\t\t\t<\/div>\n\t\t\t\t\t<\/div>\n\t\t<\/div>\n\t\t\t\t\t<\/div>\n\t\t<\/section>\n\t\t\t\t<\/div>\n\t\t","protected":false},"excerpt":{"rendered":"<p>Sie m\u00f6chten unser Theater mit einer Geldspende unterst\u00fctzen? Herzlichen Dank! Unser Spendenkonto: Krieewelsche Pappk\u00f6pp e.V.Volksbank Krefeld eG IBAN: DE09 3206 0362 1211 5700 04 BIC: GENODED1HTK Selbstverst\u00e4ndlich stellen wir Ihnen gerne nach Erhalt eine Spendenbescheinigung aus. Notieren Sie Ihre Adresse auf dem \u00dcberweisungstr\u00e4ger oder schreiben Sie uns eine entsprechende Mail an info@pappkoepp.de<\/p>\n","protected":false},"author":2,"featured_media":0,"parent":0,"menu_order":0,"comment_status":"closed","ping_status":"closed","template":"","meta":{"footnotes":""},"class_list":["post-2068","page","type-page","status-publish","hentry"],"yoast_head":"<!-- This site is optimized with the Yoast SEO plugin v27.4 - https:\/\/yoast.com\/product\/yoast-seo-wordpress\/ -->\n<title>Spenden - Krieewelsche Pappkoepp<\/title>\n<meta name=\"robots\" content=\"index, follow, max-snippet:-1, max-image-preview:large, max-video-preview:-1\" \/>\n<link rel=\"canonical\" href=\"https:\/\/pappkoepp.de\/?page_id=2068\" \/>\n<meta property=\"og:locale\" content=\"de_DE\" \/>\n<meta property=\"og:type\" content=\"article\" \/>\n<meta property=\"og:title\" content=\"Spenden - Krieewelsche Pappkoepp\" \/>\n<meta property=\"og:description\" content=\"Sie m\u00f6chten unser Theater mit einer Geldspende unterst\u00fctzen? Herzlichen Dank! Unser Spendenkonto: Krieewelsche Pappk\u00f6pp e.V.Volksbank Krefeld eG IBAN: DE09 3206 0362 1211 5700 04 BIC: GENODED1HTK Selbstverst\u00e4ndlich stellen wir Ihnen gerne nach Erhalt eine Spendenbescheinigung aus. Notieren Sie Ihre Adresse auf dem \u00dcberweisungstr\u00e4ger oder schreiben Sie uns eine entsprechende Mail an info@pappkoepp.de\" \/>\n<meta property=\"og:url\" content=\"https:\/\/pappkoepp.de\/?page_id=2068\" \/>\n<meta property=\"og:site_name\" content=\"Krieewelsche Pappkoepp\" \/>\n<meta property=\"article:publisher\" content=\"https:\/\/www.facebook.com\/pappkoepp\" \/>\n<meta property=\"article:modified_time\" content=\"2023-04-20T12:14:39+00:00\" \/>\n<meta name=\"twitter:card\" content=\"summary_large_image\" \/>\n<meta name=\"twitter:label1\" content=\"Gesch\u00e4tzte Lesezeit\" \/>\n\t<meta name=\"twitter:data1\" content=\"1\u00a0Minute\" \/>\n<script type=\"application\/ld+json\" class=\"yoast-schema-graph\">{\"@context\":\"https:\\\/\\\/schema.org\",\"@graph\":[{\"@type\":\"WebPage\",\"@id\":\"https:\\\/\\\/pappkoepp.de\\\/?page_id=2068\",\"url\":\"https:\\\/\\\/pappkoepp.de\\\/?page_id=2068\",\"name\":\"Spenden - Krieewelsche Pappkoepp\",\"isPartOf\":{\"@id\":\"https:\\\/\\\/pappkoepp.de\\\/#website\"},\"datePublished\":\"2023-04-18T11:21:10+00:00\",\"dateModified\":\"2023-04-20T12:14:39+00:00\",\"breadcrumb\":{\"@id\":\"https:\\\/\\\/pappkoepp.de\\\/?page_id=2068#breadcrumb\"},\"inLanguage\":\"de\",\"potentialAction\":[{\"@type\":\"ReadAction\",\"target\":[\"https:\\\/\\\/pappkoepp.de\\\/?page_id=2068\"]}]},{\"@type\":\"BreadcrumbList\",\"@id\":\"https:\\\/\\\/pappkoepp.de\\\/?page_id=2068#breadcrumb\",\"itemListElement\":[{\"@type\":\"ListItem\",\"position\":1,\"name\":\"Startseite\",\"item\":\"https:\\\/\\\/pappkoepp.de\\\/\"},{\"@type\":\"ListItem\",\"position\":2,\"name\":\"Spenden\"}]},{\"@type\":\"WebSite\",\"@id\":\"https:\\\/\\\/pappkoepp.de\\\/#website\",\"url\":\"https:\\\/\\\/pappkoepp.de\\\/\",\"name\":\"Krieewelsche Pappkoepp\",\"description\":\"Kleinkunst in Krefelder Mundart\",\"publisher\":{\"@id\":\"https:\\\/\\\/pappkoepp.de\\\/#organization\"},\"potentialAction\":[{\"@type\":\"SearchAction\",\"target\":{\"@type\":\"EntryPoint\",\"urlTemplate\":\"https:\\\/\\\/pappkoepp.de\\\/?s={search_term_string}\"},\"query-input\":{\"@type\":\"PropertyValueSpecification\",\"valueRequired\":true,\"valueName\":\"search_term_string\"}}],\"inLanguage\":\"de\"},{\"@type\":\"Organization\",\"@id\":\"https:\\\/\\\/pappkoepp.de\\\/#organization\",\"name\":\"Krieewelsche Pappk\u00f6pp e.V.\",\"url\":\"https:\\\/\\\/pappkoepp.de\\\/\",\"logo\":{\"@type\":\"ImageObject\",\"inLanguage\":\"de\",\"@id\":\"https:\\\/\\\/pappkoepp.de\\\/#\\\/schema\\\/logo\\\/image\\\/\",\"url\":\"https:\\\/\\\/pappkoepp.de\\\/wp-content\\\/uploads\\\/2021\\\/05\\\/PK_Logo.jpg\",\"contentUrl\":\"https:\\\/\\\/pappkoepp.de\\\/wp-content\\\/uploads\\\/2021\\\/05\\\/PK_Logo.jpg\",\"width\":796,\"height\":524,\"caption\":\"Krieewelsche Pappk\u00f6pp e.V.\"},\"image\":{\"@id\":\"https:\\\/\\\/pappkoepp.de\\\/#\\\/schema\\\/logo\\\/image\\\/\"},\"sameAs\":[\"https:\\\/\\\/www.facebook.com\\\/pappkoepp\",\"https:\\\/\\\/de.wikipedia.org\\\/wiki\\\/Krieewelsche_pappk\u00f6pp\"]}]}<\/script>\n<!-- \/ Yoast SEO plugin. -->","yoast_head_json":{"title":"Spenden - Krieewelsche Pappkoepp","robots":{"index":"index","follow":"follow","max-snippet":"max-snippet:-1","max-image-preview":"max-image-preview:large","max-video-preview":"max-video-preview:-1"},"canonical":"https:\/\/pappkoepp.de\/?page_id=2068","og_locale":"de_DE","og_type":"article","og_title":"Spenden - Krieewelsche Pappkoepp","og_description":"Sie m\u00f6chten unser Theater mit einer Geldspende unterst\u00fctzen? Herzlichen Dank! Unser Spendenkonto: Krieewelsche Pappk\u00f6pp e.V.Volksbank Krefeld eG IBAN: DE09 3206 0362 1211 5700 04 BIC: GENODED1HTK Selbstverst\u00e4ndlich stellen wir Ihnen gerne nach Erhalt eine Spendenbescheinigung aus. Notieren Sie Ihre Adresse auf dem \u00dcberweisungstr\u00e4ger oder schreiben Sie uns eine entsprechende Mail an info@pappkoepp.de","og_url":"https:\/\/pappkoepp.de\/?page_id=2068","og_site_name":"Krieewelsche Pappkoepp","article_publisher":"https:\/\/www.facebook.com\/pappkoepp","article_modified_time":"2023-04-20T12:14:39+00:00","twitter_card":"summary_large_image","twitter_misc":{"Gesch\u00e4tzte Lesezeit":"1\u00a0Minute"},"schema":{"@context":"https:\/\/schema.org","@graph":[{"@type":"WebPage","@id":"https:\/\/pappkoepp.de\/?page_id=2068","url":"https:\/\/pappkoepp.de\/?page_id=2068","name":"Spenden - Krieewelsche Pappkoepp","isPartOf":{"@id":"https:\/\/pappkoepp.de\/#website"},"datePublished":"2023-04-18T11:21:10+00:00","dateModified":"2023-04-20T12:14:39+00:00","breadcrumb":{"@id":"https:\/\/pappkoepp.de\/?page_id=2068#breadcrumb"},"inLanguage":"de","potentialAction":[{"@type":"ReadAction","target":["https:\/\/pappkoepp.de\/?page_id=2068"]}]},{"@type":"BreadcrumbList","@id":"https:\/\/pappkoepp.de\/?page_id=2068#breadcrumb","itemListElement":[{"@type":"ListItem","position":1,"name":"Startseite","item":"https:\/\/pappkoepp.de\/"},{"@type":"ListItem","position":2,"name":"Spenden"}]},{"@type":"WebSite","@id":"https:\/\/pappkoepp.de\/#website","url":"https:\/\/pappkoepp.de\/","name":"Krieewelsche Pappkoepp","description":"Kleinkunst in Krefelder Mundart","publisher":{"@id":"https:\/\/pappkoepp.de\/#organization"},"potentialAction":[{"@type":"SearchAction","target":{"@type":"EntryPoint","urlTemplate":"https:\/\/pappkoepp.de\/?s={search_term_string}"},"query-input":{"@type":"PropertyValueSpecification","valueRequired":true,"valueName":"search_term_string"}}],"inLanguage":"de"},{"@type":"Organization","@id":"https:\/\/pappkoepp.de\/#organization","name":"Krieewelsche Pappk\u00f6pp e.V.","url":"https:\/\/pappkoepp.de\/","logo":{"@type":"ImageObject","inLanguage":"de","@id":"https:\/\/pappkoepp.de\/#\/schema\/logo\/image\/","url":"https:\/\/pappkoepp.de\/wp-content\/uploads\/2021\/05\/PK_Logo.jpg","contentUrl":"https:\/\/pappkoepp.de\/wp-content\/uploads\/2021\/05\/PK_Logo.jpg","width":796,"height":524,"caption":"Krieewelsche Pappk\u00f6pp e.V."},"image":{"@id":"https:\/\/pappkoepp.de\/#\/schema\/logo\/image\/"},"sameAs":["https:\/\/www.facebook.com\/pappkoepp","https:\/\/de.wikipedia.org\/wiki\/Krieewelsche_pappk\u00f6pp"]}]}},"_links":{"self":[{"href":"https:\/\/pappkoepp.de\/index.php?rest_route=\/wp\/v2\/pages\/2068","targetHints":{"allow":["GET"]}}],"collection":[{"href":"https:\/\/pappkoepp.de\/index.php?rest_route=\/wp\/v2\/pages"}],"about":[{"href":"https:\/\/pappkoepp.de\/index.php?rest_route=\/wp\/v2\/types\/page"}],"author":[{"embeddable":true,"href":"https:\/\/pappkoepp.de\/index.php?rest_route=\/wp\/v2\/users\/2"}],"replies":[{"embeddable":true,"href":"https:\/\/pappkoepp.de\/index.php?rest_route=%2Fwp%2Fv2%2Fcomments&post=2068"}],"version-history":[{"count":5,"href":"https:\/\/pappkoepp.de\/index.php?rest_route=\/wp\/v2\/pages\/2068\/revisions"}],"predecessor-version":[{"id":2073,"href":"https:\/\/pappkoepp.de\/index.php?rest_route=\/wp\/v2\/pages\/2068\/revisions\/2073"}],"wp:attachment":[{"href":"https:\/\/pappkoepp.de\/index.php?rest_route=%2Fwp%2Fv2%2Fmedia&parent=2068"}],"curies":[{"name":"wp","href":"https:\/\/api.w.org\/{rel}","templated":true}]}}