{"id":377,"date":"2021-05-02T11:44:33","date_gmt":"2021-05-02T10:44:33","guid":{"rendered":"https:\/\/pappkoepp.de\/STRATO-apps\/wordpress_02\/app\/?page_id=377"},"modified":"2021-06-07T00:17:30","modified_gmt":"2021-06-06T23:17:30","slug":"impressum","status":"publish","type":"page","link":"https:\/\/pappkoepp.de\/?page_id=377","title":{"rendered":"Impressum"},"content":{"rendered":"\t\t<div data-elementor-type=\"wp-page\" data-elementor-id=\"377\" class=\"elementor elementor-377\" data-elementor-post-type=\"page\">\n\t\t\t\t\t\t<section class=\"elementor-section elementor-top-section elementor-element elementor-element-1a6fac6b elementor-section-boxed elementor-section-height-default elementor-section-height-default\" data-id=\"1a6fac6b\" data-element_type=\"section\" data-e-type=\"section\">\n\t\t\t\t\t\t<div class=\"elementor-container elementor-column-gap-default\">\n\t\t\t\t\t<div class=\"elementor-column elementor-col-100 elementor-top-column elementor-element elementor-element-3654456b\" data-id=\"3654456b\" data-element_type=\"column\" data-e-type=\"column\" data-settings=\"{&quot;background_background&quot;:&quot;classic&quot;}\">\n\t\t\t<div class=\"elementor-widget-wrap\">\n\t\t\t\t\t\t\t<\/div>\n\t\t<\/div>\n\t\t\t\t\t<\/div>\n\t\t<\/section>\n\t\t\t\t<section class=\"elementor-section elementor-top-section elementor-element elementor-element-1ee4644c elementor-section-boxed elementor-section-height-default elementor-section-height-default\" data-id=\"1ee4644c\" data-element_type=\"section\" data-e-type=\"section\">\n\t\t\t\t\t\t<div class=\"elementor-container elementor-column-gap-default\">\n\t\t\t\t\t<div class=\"elementor-column elementor-col-100 elementor-top-column elementor-element elementor-element-34fdd9b1\" data-id=\"34fdd9b1\" data-element_type=\"column\" data-e-type=\"column\" data-settings=\"{&quot;background_background&quot;:&quot;classic&quot;}\">\n\t\t\t<div class=\"elementor-widget-wrap\">\n\t\t\t\t\t\t\t<\/div>\n\t\t<\/div>\n\t\t\t\t\t<\/div>\n\t\t<\/section>\n\t\t\t\t<section class=\"elementor-section elementor-top-section elementor-element elementor-element-0c9c158 elementor-section-boxed elementor-section-height-default elementor-section-height-default\" data-id=\"0c9c158\" data-element_type=\"section\" data-e-type=\"section\">\n\t\t\t\t\t\t<div class=\"elementor-container elementor-column-gap-default\">\n\t\t\t\t\t<div class=\"elementor-column elementor-col-50 elementor-top-column elementor-element elementor-element-a607ca0\" data-id=\"a607ca0\" data-element_type=\"column\" data-e-type=\"column\" data-settings=\"{&quot;background_background&quot;:&quot;classic&quot;}\">\n\t\t\t<div class=\"elementor-widget-wrap\">\n\t\t\t\t\t\t\t<\/div>\n\t\t<\/div>\n\t\t\t\t<div class=\"elementor-column elementor-col-50 elementor-top-column elementor-element elementor-element-dbcd349\" data-id=\"dbcd349\" data-element_type=\"column\" data-e-type=\"column\" data-settings=\"{&quot;background_background&quot;:&quot;classic&quot;}\">\n\t\t\t<div class=\"elementor-widget-wrap elementor-element-populated\">\n\t\t\t\t\t\t<div class=\"elementor-element elementor-element-044489a elementor-widget elementor-widget-spacer\" data-id=\"044489a\" data-element_type=\"widget\" data-e-type=\"widget\" data-widget_type=\"spacer.default\">\n\t\t\t\t<div class=\"elementor-widget-container\">\n\t\t\t\t\t\t\t<div class=\"elementor-spacer\">\n\t\t\t<div class=\"elementor-spacer-inner\"><\/div>\n\t\t<\/div>\n\t\t\t\t\t\t<\/div>\n\t\t\t\t<\/div>\n\t\t\t\t<div class=\"elementor-element elementor-element-06a03c1 elementor-widget elementor-widget-heading\" data-id=\"06a03c1\" data-element_type=\"widget\" data-e-type=\"widget\" data-widget_type=\"heading.default\">\n\t\t\t\t<div class=\"elementor-widget-container\">\n\t\t\t\t\t<h1 class=\"elementor-heading-title elementor-size-xl\">Impressum<\/h1>\t\t\t\t<\/div>\n\t\t\t\t<\/div>\n\t\t\t\t<div class=\"elementor-element elementor-element-1402bae elementor-widget elementor-widget-text-editor\" data-id=\"1402bae\" data-element_type=\"widget\" data-e-type=\"widget\" data-widget_type=\"text-editor.default\">\n\t\t\t\t<div class=\"elementor-widget-container\">\n\t\t\t\t\t\t\t\t\t<p><strong>Verantwortlich f\u00fcr den Inhalt dieser Website:\u00a0<br \/><\/strong>Krieewelsche Pappk\u00f6pp e.V.<br \/><span class=\"Absatz\">Peter-Lauten-Stra\u00dfe 62<br \/>47803 Krefeld<br \/><\/span><\/p><p class=\"Absatz\"><strong>vertreten durch den Vorstand:<\/strong><br \/>Volker Matter<br \/>Christine B\u00fcrgers<\/p><p class=\"Absatz\">VR 4881 AG Krefeld<\/p><p><strong>Telefon:<\/strong> (02151) 77 85 67<\/p><p><strong>E-Mail:<\/strong> info@pappkoepp.de<\/p>\t\t\t\t\t\t\t\t<\/div>\n\t\t\t\t<\/div>\n\t\t\t\t<div class=\"elementor-element elementor-element-62138e2a elementor-widget-divider--view-line_icon elementor-view-default elementor-widget-divider--element-align-center elementor-widget elementor-widget-divider\" data-id=\"62138e2a\" data-element_type=\"widget\" data-e-type=\"widget\" data-widget_type=\"divider.default\">\n\t\t\t\t<div class=\"elementor-widget-container\">\n\t\t\t\t\t\t\t<div class=\"elementor-divider\">\n\t\t\t<span class=\"elementor-divider-separator\">\n\t\t\t\t\t\t\t<div class=\"elementor-icon elementor-divider__element\">\n\t\t\t\t\t<svg xmlns=\"http:\/\/www.w3.org\/2000\/svg\" width=\"64.000000pt\" height=\"64.000000pt\" viewBox=\"0 0 64.000000 64.000000\" preserveAspectRatio=\"xMidYMid meet\"><g transform=\"translate(0.000000,64.000000) scale(0.100000,-0.100000)\" fill=\"#000000\" stroke=\"none\"><path d=\"M0 320 l0 -320 66 0 67 0 -27 21 c-25 20 -26 22 -9 33 28 19 106 46 132 46 15 0 42 -18 73 -50 48 -49 51 -50 106 -50 47 1 64 6 96 30 53 40 82 40 38 0 l-32 -30 65 0 65 0 0 320 0 320 -320 0 -320 0 0 -320z m355 281 c11 -5 20 -14 20 -22 0 -7 14 -16 32 -20 17 -3 38 -12 45 -20 20 -21 55 -80 63 -109 7 -25 7 -25 -10 -5 -14 17 -16 17 -11 3 4 -15 -1 -18 -32 -18 l-37 1 30 14 c23 10 26 14 10 14 -56 2 -62 -52 -6 -57 19 -2 37 2 42 9 9 16 49 -47 49 -78 0 -20 -5 -21 -57 -21 -32 0 -76 -2 -98 -4 -30 -2 -40 1 -40 12 0 8 -6 25 -13 38 -7 12 -10 31 -7 42 3 10 1 21 -5 25 -5 3 -10 1 -10 -4 0 -6 -5 -11 -11 -11 -5 0 -8 4 -5 9 3 4 -6 6 -21 3 -24 -4 -25 -6 -9 -17 16 -12 16 -14 -5 -29 -24 -16 -45 -12 -32 8 4 7 0 4 -9 -6 -16 -18 -17 -17 -21 9 -2 18 -5 11 -6 -19 -1 -38 -4 -46 -16 -42 -8 4 -15 18 -16 33 l-1 26 -7 -25 c-5 -18 -9 -21 -15 -12 -4 7 -14 11 -22 8 -9 -4 -18 4 -25 22 -13 34 2 92 40 147 32 48 123 99 161 90 19 -4 21 -3 10 5 -13 8 -12 10 5 9 11 0 29 -4 40 -8z m52 -27 c-3 -3 -12 -4 -19 -1 -8 3 -5 6 6 6 11 1 17 -2 13 -5z m-72 -241 c22 -56 17 -72 -37 -107 -18 -12 -28 -14 -33 -6 -4 6 -18 15 -31 20 -17 7 -24 17 -24 37 0 24 7 31 53 50 66 27 64 26 72 6z m155 -63 c26 -16 -2 -43 -66 -62 -59 -18 -104 -23 -104 -13 0 9 30 65 35 65 2 0 20 -7 39 -17 29 -14 38 -14 51 -3 9 7 14 19 11 27 -6 15 12 17 34 3z m44 -105 c-15 -88 -35 -115 -84 -115 -44 0 -100 28 -100 50 0 10 -16 35 -37 55 -29 28 -32 35 -17 35 10 0 32 -7 49 -16 45 -23 155 1 155 34 0 20 31 55 41 45 4 -5 1 -44 -7 -88z m-344 64 c0 -12 8 -23 20 -26 13 -3 20 -14 20 -29 0 -34 -15 -30 -39 12 -23 38 -27 64 -11 64 6 0 10 -9 10 -21z\"><\/path><path d=\"M412 484 c-18 -20 -16 -21 28 -21 47 0 51 8 12 23 -21 8 -31 8 -40 -2z\"><\/path><path d=\"M265 467 c-26 -16 -54 -50 -49 -59 3 -4 18 2 33 13 16 12 40 22 55 22 31 2 33 12 7 27 -23 12 -21 12 -46 -3z\"><\/path><\/g><\/svg><\/div>\n\t\t\t\t\t\t<\/span>\n\t\t<\/div>\n\t\t\t\t\t\t<\/div>\n\t\t\t\t<\/div>\n\t\t\t\t<div class=\"elementor-element elementor-element-5aeff8a elementor-widget elementor-widget-heading\" data-id=\"5aeff8a\" data-element_type=\"widget\" data-e-type=\"widget\" data-widget_type=\"heading.default\">\n\t\t\t\t<div class=\"elementor-widget-container\">\n\t\t\t\t\t<h4 class=\"elementor-heading-title elementor-size-default\">Theateradresse<\/h4>\t\t\t\t<\/div>\n\t\t\t\t<\/div>\n\t\t\t\t<div class=\"elementor-element elementor-element-8321b9a elementor-widget elementor-widget-text-editor\" data-id=\"8321b9a\" data-element_type=\"widget\" data-e-type=\"widget\" data-widget_type=\"text-editor.default\">\n\t\t\t\t<div class=\"elementor-widget-container\">\n\t\t\t\t\t\t\t\t\t<p><span style=\"color: #000000;\">Marionettentheater<\/span><br \/><span style=\"color: #000000;\">Krieewelsche Pappk\u00f6pp<\/span><br \/><span style=\"color: #000000;\">Peter-Lauten-Stra\u00dfe 62<\/span><br \/><span style=\"color: #000000;\">47803 Krefeld<\/span><\/p>\t\t\t\t\t\t\t\t<\/div>\n\t\t\t\t<\/div>\n\t\t\t\t<div class=\"elementor-element elementor-element-70b3ed64 elementor-widget-divider--view-line_icon elementor-view-default elementor-widget-divider--element-align-center elementor-widget elementor-widget-divider\" data-id=\"70b3ed64\" data-element_type=\"widget\" data-e-type=\"widget\" data-widget_type=\"divider.default\">\n\t\t\t\t<div class=\"elementor-widget-container\">\n\t\t\t\t\t\t\t<div class=\"elementor-divider\">\n\t\t\t<span class=\"elementor-divider-separator\">\n\t\t\t\t\t\t\t<div class=\"elementor-icon elementor-divider__element\">\n\t\t\t\t\t<svg xmlns=\"http:\/\/www.w3.org\/2000\/svg\" width=\"64.000000pt\" height=\"64.000000pt\" viewBox=\"0 0 64.000000 64.000000\" preserveAspectRatio=\"xMidYMid meet\"><g transform=\"translate(0.000000,64.000000) scale(0.100000,-0.100000)\" fill=\"#000000\" stroke=\"none\"><path d=\"M0 320 l0 -320 66 0 67 0 -27 21 c-25 20 -26 22 -9 33 28 19 106 46 132 46 15 0 42 -18 73 -50 48 -49 51 -50 106 -50 47 1 64 6 96 30 53 40 82 40 38 0 l-32 -30 65 0 65 0 0 320 0 320 -320 0 -320 0 0 -320z m355 281 c11 -5 20 -14 20 -22 0 -7 14 -16 32 -20 17 -3 38 -12 45 -20 20 -21 55 -80 63 -109 7 -25 7 -25 -10 -5 -14 17 -16 17 -11 3 4 -15 -1 -18 -32 -18 l-37 1 30 14 c23 10 26 14 10 14 -56 2 -62 -52 -6 -57 19 -2 37 2 42 9 9 16 49 -47 49 -78 0 -20 -5 -21 -57 -21 -32 0 -76 -2 -98 -4 -30 -2 -40 1 -40 12 0 8 -6 25 -13 38 -7 12 -10 31 -7 42 3 10 1 21 -5 25 -5 3 -10 1 -10 -4 0 -6 -5 -11 -11 -11 -5 0 -8 4 -5 9 3 4 -6 6 -21 3 -24 -4 -25 -6 -9 -17 16 -12 16 -14 -5 -29 -24 -16 -45 -12 -32 8 4 7 0 4 -9 -6 -16 -18 -17 -17 -21 9 -2 18 -5 11 -6 -19 -1 -38 -4 -46 -16 -42 -8 4 -15 18 -16 33 l-1 26 -7 -25 c-5 -18 -9 -21 -15 -12 -4 7 -14 11 -22 8 -9 -4 -18 4 -25 22 -13 34 2 92 40 147 32 48 123 99 161 90 19 -4 21 -3 10 5 -13 8 -12 10 5 9 11 0 29 -4 40 -8z m52 -27 c-3 -3 -12 -4 -19 -1 -8 3 -5 6 6 6 11 1 17 -2 13 -5z m-72 -241 c22 -56 17 -72 -37 -107 -18 -12 -28 -14 -33 -6 -4 6 -18 15 -31 20 -17 7 -24 17 -24 37 0 24 7 31 53 50 66 27 64 26 72 6z m155 -63 c26 -16 -2 -43 -66 -62 -59 -18 -104 -23 -104 -13 0 9 30 65 35 65 2 0 20 -7 39 -17 29 -14 38 -14 51 -3 9 7 14 19 11 27 -6 15 12 17 34 3z m44 -105 c-15 -88 -35 -115 -84 -115 -44 0 -100 28 -100 50 0 10 -16 35 -37 55 -29 28 -32 35 -17 35 10 0 32 -7 49 -16 45 -23 155 1 155 34 0 20 31 55 41 45 4 -5 1 -44 -7 -88z m-344 64 c0 -12 8 -23 20 -26 13 -3 20 -14 20 -29 0 -34 -15 -30 -39 12 -23 38 -27 64 -11 64 6 0 10 -9 10 -21z\"><\/path><path d=\"M412 484 c-18 -20 -16 -21 28 -21 47 0 51 8 12 23 -21 8 -31 8 -40 -2z\"><\/path><path d=\"M265 467 c-26 -16 -54 -50 -49 -59 3 -4 18 2 33 13 16 12 40 22 55 22 31 2 33 12 7 27 -23 12 -21 12 -46 -3z\"><\/path><\/g><\/svg><\/div>\n\t\t\t\t\t\t<\/span>\n\t\t<\/div>\n\t\t\t\t\t\t<\/div>\n\t\t\t\t<\/div>\n\t\t\t\t<div class=\"elementor-element elementor-element-5f52764 elementor-widget elementor-widget-heading\" data-id=\"5f52764\" data-element_type=\"widget\" data-e-type=\"widget\" data-widget_type=\"heading.default\">\n\t\t\t\t<div class=\"elementor-widget-container\">\n\t\t\t\t\t<h4 class=\"elementor-heading-title elementor-size-default\">Fotos<\/h4>\t\t\t\t<\/div>\n\t\t\t\t<\/div>\n\t\t\t\t<div class=\"elementor-element elementor-element-0c4f2e5 elementor-widget elementor-widget-text-editor\" data-id=\"0c4f2e5\" data-element_type=\"widget\" data-e-type=\"widget\" data-widget_type=\"text-editor.default\">\n\t\t\t\t<div class=\"elementor-widget-container\">\n\t\t\t\t\t\t\t\t\t<p>Helmut Loos, Hans-Peter Lentzen, Ensemble: Fotostudio Kaufels<\/p>\t\t\t\t\t\t\t\t<\/div>\n\t\t\t\t<\/div>\n\t\t\t\t<div class=\"elementor-element elementor-element-cc699f4 elementor-widget elementor-widget-text-editor\" data-id=\"cc699f4\" data-element_type=\"widget\" data-e-type=\"widget\" data-widget_type=\"text-editor.default\">\n\t\t\t\t<div class=\"elementor-widget-container\">\n\t\t\t\t\t\t\t\t\t<p>F\u00fcr Seiten, die Sie \u00fcber eine Verlinkung von unserer Homepage aus erreichen, \u00fcbernehmen wir keine Verantwortung.<br \/>Unsere Datenschutzerkl\u00e4rung nach DSGVO finden Sie hier.<\/p>\t\t\t\t\t\t\t\t<\/div>\n\t\t\t\t<\/div>\n\t\t\t\t\t<\/div>\n\t\t<\/div>\n\t\t\t\t\t<\/div>\n\t\t<\/section>\n\t\t\t\t<\/div>\n\t\t","protected":false},"excerpt":{"rendered":"<p>Impressum Verantwortlich f\u00fcr den Inhalt dieser Website:\u00a0Krieewelsche Pappk\u00f6pp e.V.Peter-Lauten-Stra\u00dfe 6247803 Krefeld vertreten durch den Vorstand:Volker MatterChristine B\u00fcrgers VR 4881 AG Krefeld Telefon: (02151) 77 85 67 E-Mail: info@pappkoepp.de Theateradresse MarionettentheaterKrieewelsche Pappk\u00f6ppPeter-Lauten-Stra\u00dfe 6247803 Krefeld Fotos Helmut Loos, Hans-Peter Lentzen, Ensemble: Fotostudio Kaufels F\u00fcr Seiten, die Sie \u00fcber eine Verlinkung von unserer Homepage aus erreichen, \u00fcbernehmen wir [&hellip;]<\/p>\n","protected":false},"author":4,"featured_media":0,"parent":0,"menu_order":0,"comment_status":"closed","ping_status":"closed","template":"","meta":{"footnotes":""},"class_list":["post-377","page","type-page","status-publish","hentry"],"yoast_head":"<!-- This site is optimized with the Yoast SEO plugin v27.5 - https:\/\/yoast.com\/product\/yoast-seo-wordpress\/ -->\n<title>Impressum - Krieewelsche Pappkoepp<\/title>\n<meta name=\"robots\" content=\"index, follow, max-snippet:-1, max-image-preview:large, max-video-preview:-1\" \/>\n<link rel=\"canonical\" href=\"https:\/\/pappkoepp.de\/?page_id=377\" \/>\n<meta property=\"og:locale\" content=\"de_DE\" \/>\n<meta property=\"og:type\" content=\"article\" \/>\n<meta property=\"og:title\" content=\"Impressum - Krieewelsche Pappkoepp\" \/>\n<meta property=\"og:description\" content=\"Impressum Verantwortlich f\u00fcr den Inhalt dieser Website:\u00a0Krieewelsche Pappk\u00f6pp e.V.Peter-Lauten-Stra\u00dfe 6247803 Krefeld vertreten durch den Vorstand:Volker MatterChristine B\u00fcrgers VR 4881 AG Krefeld Telefon: (02151) 77 85 67 E-Mail: info@pappkoepp.de Theateradresse MarionettentheaterKrieewelsche Pappk\u00f6ppPeter-Lauten-Stra\u00dfe 6247803 Krefeld Fotos Helmut Loos, Hans-Peter Lentzen, Ensemble: Fotostudio Kaufels F\u00fcr Seiten, die Sie \u00fcber eine Verlinkung von unserer Homepage aus erreichen, \u00fcbernehmen wir [&hellip;]\" \/>\n<meta property=\"og:url\" content=\"https:\/\/pappkoepp.de\/?page_id=377\" \/>\n<meta property=\"og:site_name\" content=\"Krieewelsche Pappkoepp\" \/>\n<meta property=\"article:publisher\" content=\"https:\/\/www.facebook.com\/pappkoepp\" \/>\n<meta property=\"article:modified_time\" content=\"2021-06-06T23:17:30+00:00\" \/>\n<meta name=\"twitter:card\" content=\"summary_large_image\" \/>\n<script type=\"application\/ld+json\" class=\"yoast-schema-graph\">{\"@context\":\"https:\\\/\\\/schema.org\",\"@graph\":[{\"@type\":\"WebPage\",\"@id\":\"https:\\\/\\\/pappkoepp.de\\\/?page_id=377\",\"url\":\"https:\\\/\\\/pappkoepp.de\\\/?page_id=377\",\"name\":\"Impressum - Krieewelsche Pappkoepp\",\"isPartOf\":{\"@id\":\"https:\\\/\\\/pappkoepp.de\\\/#website\"},\"datePublished\":\"2021-05-02T10:44:33+00:00\",\"dateModified\":\"2021-06-06T23:17:30+00:00\",\"breadcrumb\":{\"@id\":\"https:\\\/\\\/pappkoepp.de\\\/?page_id=377#breadcrumb\"},\"inLanguage\":\"de\",\"potentialAction\":[{\"@type\":\"ReadAction\",\"target\":[\"https:\\\/\\\/pappkoepp.de\\\/?page_id=377\"]}]},{\"@type\":\"BreadcrumbList\",\"@id\":\"https:\\\/\\\/pappkoepp.de\\\/?page_id=377#breadcrumb\",\"itemListElement\":[{\"@type\":\"ListItem\",\"position\":1,\"name\":\"Startseite\",\"item\":\"https:\\\/\\\/pappkoepp.de\\\/\"},{\"@type\":\"ListItem\",\"position\":2,\"name\":\"Impressum\"}]},{\"@type\":\"WebSite\",\"@id\":\"https:\\\/\\\/pappkoepp.de\\\/#website\",\"url\":\"https:\\\/\\\/pappkoepp.de\\\/\",\"name\":\"Krieewelsche Pappkoepp\",\"description\":\"Kleinkunst in Krefelder Mundart\",\"publisher\":{\"@id\":\"https:\\\/\\\/pappkoepp.de\\\/#organization\"},\"potentialAction\":[{\"@type\":\"SearchAction\",\"target\":{\"@type\":\"EntryPoint\",\"urlTemplate\":\"https:\\\/\\\/pappkoepp.de\\\/?s={search_term_string}\"},\"query-input\":{\"@type\":\"PropertyValueSpecification\",\"valueRequired\":true,\"valueName\":\"search_term_string\"}}],\"inLanguage\":\"de\"},{\"@type\":\"Organization\",\"@id\":\"https:\\\/\\\/pappkoepp.de\\\/#organization\",\"name\":\"Krieewelsche Pappk\u00f6pp e.V.\",\"url\":\"https:\\\/\\\/pappkoepp.de\\\/\",\"logo\":{\"@type\":\"ImageObject\",\"inLanguage\":\"de\",\"@id\":\"https:\\\/\\\/pappkoepp.de\\\/#\\\/schema\\\/logo\\\/image\\\/\",\"url\":\"https:\\\/\\\/pappkoepp.de\\\/wp-content\\\/uploads\\\/2021\\\/05\\\/PK_Logo.jpg\",\"contentUrl\":\"https:\\\/\\\/pappkoepp.de\\\/wp-content\\\/uploads\\\/2021\\\/05\\\/PK_Logo.jpg\",\"width\":796,\"height\":524,\"caption\":\"Krieewelsche Pappk\u00f6pp e.V.\"},\"image\":{\"@id\":\"https:\\\/\\\/pappkoepp.de\\\/#\\\/schema\\\/logo\\\/image\\\/\"},\"sameAs\":[\"https:\\\/\\\/www.facebook.com\\\/pappkoepp\",\"https:\\\/\\\/de.wikipedia.org\\\/wiki\\\/Krieewelsche_pappk\u00f6pp\"]}]}<\/script>\n<!-- \/ Yoast SEO plugin. -->","yoast_head_json":{"title":"Impressum - Krieewelsche Pappkoepp","robots":{"index":"index","follow":"follow","max-snippet":"max-snippet:-1","max-image-preview":"max-image-preview:large","max-video-preview":"max-video-preview:-1"},"canonical":"https:\/\/pappkoepp.de\/?page_id=377","og_locale":"de_DE","og_type":"article","og_title":"Impressum - Krieewelsche Pappkoepp","og_description":"Impressum Verantwortlich f\u00fcr den Inhalt dieser Website:\u00a0Krieewelsche Pappk\u00f6pp e.V.Peter-Lauten-Stra\u00dfe 6247803 Krefeld vertreten durch den Vorstand:Volker MatterChristine B\u00fcrgers VR 4881 AG Krefeld Telefon: (02151) 77 85 67 E-Mail: info@pappkoepp.de Theateradresse MarionettentheaterKrieewelsche Pappk\u00f6ppPeter-Lauten-Stra\u00dfe 6247803 Krefeld Fotos Helmut Loos, Hans-Peter Lentzen, Ensemble: Fotostudio Kaufels F\u00fcr Seiten, die Sie \u00fcber eine Verlinkung von unserer Homepage aus erreichen, \u00fcbernehmen wir [&hellip;]","og_url":"https:\/\/pappkoepp.de\/?page_id=377","og_site_name":"Krieewelsche Pappkoepp","article_publisher":"https:\/\/www.facebook.com\/pappkoepp","article_modified_time":"2021-06-06T23:17:30+00:00","twitter_card":"summary_large_image","schema":{"@context":"https:\/\/schema.org","@graph":[{"@type":"WebPage","@id":"https:\/\/pappkoepp.de\/?page_id=377","url":"https:\/\/pappkoepp.de\/?page_id=377","name":"Impressum - Krieewelsche Pappkoepp","isPartOf":{"@id":"https:\/\/pappkoepp.de\/#website"},"datePublished":"2021-05-02T10:44:33+00:00","dateModified":"2021-06-06T23:17:30+00:00","breadcrumb":{"@id":"https:\/\/pappkoepp.de\/?page_id=377#breadcrumb"},"inLanguage":"de","potentialAction":[{"@type":"ReadAction","target":["https:\/\/pappkoepp.de\/?page_id=377"]}]},{"@type":"BreadcrumbList","@id":"https:\/\/pappkoepp.de\/?page_id=377#breadcrumb","itemListElement":[{"@type":"ListItem","position":1,"name":"Startseite","item":"https:\/\/pappkoepp.de\/"},{"@type":"ListItem","position":2,"name":"Impressum"}]},{"@type":"WebSite","@id":"https:\/\/pappkoepp.de\/#website","url":"https:\/\/pappkoepp.de\/","name":"Krieewelsche Pappkoepp","description":"Kleinkunst in Krefelder Mundart","publisher":{"@id":"https:\/\/pappkoepp.de\/#organization"},"potentialAction":[{"@type":"SearchAction","target":{"@type":"EntryPoint","urlTemplate":"https:\/\/pappkoepp.de\/?s={search_term_string}"},"query-input":{"@type":"PropertyValueSpecification","valueRequired":true,"valueName":"search_term_string"}}],"inLanguage":"de"},{"@type":"Organization","@id":"https:\/\/pappkoepp.de\/#organization","name":"Krieewelsche Pappk\u00f6pp e.V.","url":"https:\/\/pappkoepp.de\/","logo":{"@type":"ImageObject","inLanguage":"de","@id":"https:\/\/pappkoepp.de\/#\/schema\/logo\/image\/","url":"https:\/\/pappkoepp.de\/wp-content\/uploads\/2021\/05\/PK_Logo.jpg","contentUrl":"https:\/\/pappkoepp.de\/wp-content\/uploads\/2021\/05\/PK_Logo.jpg","width":796,"height":524,"caption":"Krieewelsche Pappk\u00f6pp e.V."},"image":{"@id":"https:\/\/pappkoepp.de\/#\/schema\/logo\/image\/"},"sameAs":["https:\/\/www.facebook.com\/pappkoepp","https:\/\/de.wikipedia.org\/wiki\/Krieewelsche_pappk\u00f6pp"]}]}},"_links":{"self":[{"href":"https:\/\/pappkoepp.de\/index.php?rest_route=\/wp\/v2\/pages\/377","targetHints":{"allow":["GET"]}}],"collection":[{"href":"https:\/\/pappkoepp.de\/index.php?rest_route=\/wp\/v2\/pages"}],"about":[{"href":"https:\/\/pappkoepp.de\/index.php?rest_route=\/wp\/v2\/types\/page"}],"author":[{"embeddable":true,"href":"https:\/\/pappkoepp.de\/index.php?rest_route=\/wp\/v2\/users\/4"}],"replies":[{"embeddable":true,"href":"https:\/\/pappkoepp.de\/index.php?rest_route=%2Fwp%2Fv2%2Fcomments&post=377"}],"version-history":[{"count":32,"href":"https:\/\/pappkoepp.de\/index.php?rest_route=\/wp\/v2\/pages\/377\/revisions"}],"predecessor-version":[{"id":961,"href":"https:\/\/pappkoepp.de\/index.php?rest_route=\/wp\/v2\/pages\/377\/revisions\/961"}],"wp:attachment":[{"href":"https:\/\/pappkoepp.de\/index.php?rest_route=%2Fwp%2Fv2%2Fmedia&parent=377"}],"curies":[{"name":"wp","href":"https:\/\/api.w.org\/{rel}","templated":true}]}}